{"id":2,"date":"2016-05-10T03:48:21","date_gmt":"2016-05-10T03:48:21","guid":{"rendered":"http:\/\/evabader.de\/?page_id=2"},"modified":"2019-09-28T23:32:53","modified_gmt":"2019-09-28T23:32:53","slug":"sample-page","status":"publish","type":"page","link":"https:\/\/evabader.de\/","title":{"rendered":""},"content":{"rendered":"<p><img loading=\"lazy\" decoding=\"async\" class=\"size-full wp-image-4 alignleft\" src=\"http:\/\/evabader.de\/wp-content\/uploads\/2019\/09\/pic.eva_.jpg\" alt=\"\" width=\"166\" height=\"281\" \/>Grundstudium der Eurythmie und f\u00fcnfj\u00e4hrige B\u00fchnent\u00e4tigkeit, daran anschlie\u00dfend Fachstudium der Heileurythmie. Seit 2004 Heilpraktikerin f\u00fcr Psychotherapie.Weiterbildung zur Gespr\u00e4chstherapeutin in Begegnungsgespr\u00e4ch (Coun v. Houten) und klientenzentrierte Beratung (Carl R. Rogers). Seit 1988 selbst\u00e4ndig t\u00e4tig.<\/p>\n<p>Termine nach Vereinbarung.<\/p>\n","protected":false},"excerpt":{"rendered":"<p>Grundstudium der Eurythmie und f\u00fcnfj\u00e4hrige B\u00fchnent\u00e4tigkeit, daran anschlie\u00dfend Fachstudium der Heileurythmie. Seit 2004 Heilpraktikerin f\u00fcr Psychotherapie.Weiterbildung zur Gespr\u00e4chstherapeutin in Begegnungsgespr\u00e4ch (Coun v. Houten) und klientenzentrierte Beratung (Carl R. Rogers). Seit 1988 selbst\u00e4ndig t\u00e4tig. Termine nach Vereinbarung.<\/p>\n","protected":false},"author":1,"featured_media":0,"parent":0,"menu_order":0,"comment_status":"closed","ping_status":"open","template":"","meta":{"footnotes":""},"class_list":["post-2","page","type-page","status-publish","hentry"],"_links":{"self":[{"href":"https:\/\/evabader.de\/index.php?rest_route=\/wp\/v2\/pages\/2"}],"collection":[{"href":"https:\/\/evabader.de\/index.php?rest_route=\/wp\/v2\/pages"}],"about":[{"href":"https:\/\/evabader.de\/index.php?rest_route=\/wp\/v2\/types\/page"}],"author":[{"embeddable":true,"href":"https:\/\/evabader.de\/index.php?rest_route=\/wp\/v2\/users\/1"}],"replies":[{"embeddable":true,"href":"https:\/\/evabader.de\/index.php?rest_route=%2Fwp%2Fv2%2Fcomments&post=2"}],"version-history":[{"count":4,"href":"https:\/\/evabader.de\/index.php?rest_route=\/wp\/v2\/pages\/2\/revisions"}],"predecessor-version":[{"id":37,"href":"https:\/\/evabader.de\/index.php?rest_route=\/wp\/v2\/pages\/2\/revisions\/37"}],"wp:attachment":[{"href":"https:\/\/evabader.de\/index.php?rest_route=%2Fwp%2Fv2%2Fmedia&parent=2"}],"curies":[{"name":"wp","href":"https:\/\/api.w.org\/{rel}","templated":true}]}}